{"id":6,"date":"2026-05-02T15:59:46","date_gmt":"2026-05-02T15:59:46","guid":{"rendered":"http:\/\/kokkoweb.fi\/?page_id=6"},"modified":"2026-05-02T16:12:20","modified_gmt":"2026-05-02T16:12:20","slug":"kokkoweb","status":"publish","type":"page","link":"https:\/\/kokkoweb.fi\/","title":{"rendered":"KokkoWeb"},"content":{"rendered":"\n<div class=\"wp-block-group alignfull has-global-padding is-layout-constrained wp-container-core-group-is-layout-0c9c989a wp-block-group-is-layout-constrained\" style=\"min-height:0vh;margin-top:0;margin-bottom:0;padding-top:var(--wp--preset--spacing--70);padding-right:var(--wp--preset--spacing--40);padding-bottom:var(--wp--preset--spacing--70);padding-left:var(--wp--preset--spacing--40)\">\n<div class=\"wp-block-group has-global-padding is-layout-constrained wp-container-core-group-is-layout-346627ba wp-block-group-is-layout-constrained\">\n<h2 class=\"wp-block-heading has-text-align-center has-xx-large-font-size\" style=\"margin-right:0;margin-left:0;padding-right:0;padding-left:0\">Verkkosivut juuri sinun yrityksellesi<\/h2>\n\n\n\n<p class=\"has-text-align-center\">Valmistamme persoonallisia ja massasta poikeavia verkkosivuja jonka avulla yrityksesi pystyy erottumaan edukseen<\/p>\n\n\n\n<div class=\"wp-block-buttons is-content-justification-center is-layout-flex wp-container-core-buttons-is-layout-a89b3969 wp-block-buttons-is-layout-flex\">\n<div class=\"wp-block-button\"><a class=\"wp-block-button__link wp-element-button\">Lue lis\u00e4\u00e4<\/a><\/div>\n<\/div>\n<\/div>\n<\/div>\n\n\n\n<div class=\"wp-block-group alignfull is-style-section-1 has-global-padding is-layout-constrained wp-block-group-is-layout-constrained is-style-section-1--1\" style=\"margin-top:0;margin-bottom:0;padding-top:var(--wp--preset--spacing--80);padding-bottom:var(--wp--preset--spacing--80)\">\n<div class=\"wp-block-columns alignwide is-layout-flex wp-container-core-columns-is-layout-66fad18a wp-block-columns-is-layout-flex\">\n<div class=\"wp-block-column is-layout-flow wp-block-column-is-layout-flow\" style=\"padding-right:var(--wp--preset--spacing--50);flex-basis:45%\">\n<figure class=\"wp-block-image size-full\"><img loading=\"lazy\" decoding=\"async\" width=\"1079\" height=\"783\" src=\"http:\/\/kokkoweb.fi\/wp-content\/uploads\/2026\/05\/red-hibiscus-closeup.jpg\" alt=\"Photography close up of a red flower.\" class=\"wp-image-15\" srcset=\"https:\/\/kokkoweb.fi\/wp-content\/uploads\/2026\/05\/red-hibiscus-closeup.jpg 1079w, https:\/\/kokkoweb.fi\/wp-content\/uploads\/2026\/05\/red-hibiscus-closeup-300x218.jpg 300w, https:\/\/kokkoweb.fi\/wp-content\/uploads\/2026\/05\/red-hibiscus-closeup-1024x743.jpg 1024w, https:\/\/kokkoweb.fi\/wp-content\/uploads\/2026\/05\/red-hibiscus-closeup-768x557.jpg 768w\" sizes=\"auto, (max-width: 1079px) 100vw, 1079px\" \/><\/figure>\n\n\n\n<div class=\"wp-block-group has-global-padding is-layout-constrained wp-block-group-is-layout-constrained\" style=\"margin-top:-12vw\">\n<figure class=\"wp-block-image alignright size-full is-resized\" style=\"margin-right:-5vw;margin-left:-5vw\"><img loading=\"lazy\" decoding=\"async\" width=\"794\" height=\"1125\" src=\"http:\/\/kokkoweb.fi\/wp-content\/uploads\/2026\/05\/grid-flower-2.webp\" alt=\"Black and white photography close up of a flower.\" class=\"wp-image-16\" style=\"width:202px\" srcset=\"https:\/\/kokkoweb.fi\/wp-content\/uploads\/2026\/05\/grid-flower-2.webp 794w, https:\/\/kokkoweb.fi\/wp-content\/uploads\/2026\/05\/grid-flower-2-212x300.webp 212w, https:\/\/kokkoweb.fi\/wp-content\/uploads\/2026\/05\/grid-flower-2-723x1024.webp 723w, https:\/\/kokkoweb.fi\/wp-content\/uploads\/2026\/05\/grid-flower-2-768x1088.webp 768w\" sizes=\"auto, (max-width: 794px) 100vw, 794px\" \/><\/figure>\n<\/div>\n<\/div>\n\n\n\n<div class=\"wp-block-column is-vertically-aligned-center is-layout-flow wp-block-column-is-layout-flow\" style=\"padding-right:0;padding-left:0;flex-basis:50%\">\n<p class=\"is-style-text-subtitle is-style-text-subtitle--2\">Haluamme tuoda yrityksille n\u00e4kyvyytt\u00e4 ja persoonallisuutta verkkosivujen kautta. Tuo esiin yrityksesi parhaat puolet ja lis\u00e4\u00e4 asiakasvirtaa.<\/p>\n<\/div>\n<\/div>\n<\/div>\n\n\n\n<div class=\"wp-block-group alignfull has-global-padding is-layout-constrained wp-container-core-group-is-layout-ebee8dc1 wp-block-group-is-layout-constrained\" style=\"margin-top:0;margin-bottom:0;padding-top:var(--wp--preset--spacing--50);padding-bottom:var(--wp--preset--spacing--50)\">\n<h2 class=\"wp-block-heading alignwide\">Palvelumme<\/h2>\n\n\n\n<div class=\"wp-block-columns alignwide is-layout-flex wp-container-core-columns-is-layout-28f84493 wp-block-columns-is-layout-flex\">\n<div class=\"wp-block-column is-layout-flow wp-block-column-is-layout-flow\">\n<figure class=\"wp-block-image size-full\" style=\"margin-bottom:24px\"><img loading=\"lazy\" decoding=\"async\" width=\"416\" height=\"386\" src=\"http:\/\/kokkoweb.fi\/wp-content\/uploads\/2026\/05\/Koodikuva.png\" alt=\"\" class=\"wp-image-8\" style=\"aspect-ratio:4\/3;object-fit:cover\" srcset=\"https:\/\/kokkoweb.fi\/wp-content\/uploads\/2026\/05\/Koodikuva.png 416w, https:\/\/kokkoweb.fi\/wp-content\/uploads\/2026\/05\/Koodikuva-300x278.png 300w\" sizes=\"auto, (max-width: 416px) 100vw, 416px\" \/><\/figure>\n\n\n\n<h3 class=\"wp-block-heading\">R\u00e4\u00e4t\u00e4l\u00f6idyt sivut<\/h3>\n\n\n\n<p class=\"has-medium-font-size\">Teemme juuri sinun yrityksesi n\u00e4k\u00f6iset sivut. P\u00e4\u00e4st\u00e4 luovuutesi (ja meid\u00e4n luovuus) valloillen.<\/p>\n<\/div>\n\n\n\n<div class=\"wp-block-column is-layout-flow wp-block-column-is-layout-flow\">\n<figure class=\"wp-block-image size-full\" style=\"margin-bottom:24px\"><img loading=\"lazy\" decoding=\"async\" width=\"418\" height=\"406\" src=\"http:\/\/kokkoweb.fi\/wp-content\/uploads\/2026\/05\/Muutoksia.png\" alt=\"\" class=\"wp-image-10\" style=\"aspect-ratio:4\/3;object-fit:cover\" srcset=\"https:\/\/kokkoweb.fi\/wp-content\/uploads\/2026\/05\/Muutoksia.png 418w, https:\/\/kokkoweb.fi\/wp-content\/uploads\/2026\/05\/Muutoksia-300x291.png 300w\" sizes=\"auto, (max-width: 418px) 100vw, 418px\" \/><\/figure>\n\n\n\n<h3 class=\"wp-block-heading\">Templaattisivut<\/h3>\n\n\n\n<p class=\"has-medium-font-size\">Valitset valmiista pohjasta, joka muokataan yrityksesi teemaan sopivaksi. Voidaan lis\u00e4t\u00e4 joitakin elementtej\u00e4<\/p>\n<\/div>\n\n\n\n<div class=\"wp-block-column is-layout-flow wp-block-column-is-layout-flow\">\n<figure class=\"wp-block-image size-full\" style=\"margin-bottom:24px\"><img loading=\"lazy\" decoding=\"async\" width=\"400\" height=\"395\" src=\"http:\/\/kokkoweb.fi\/wp-content\/uploads\/2026\/05\/Valmis-templaatti.png\" alt=\"\" class=\"wp-image-9\" style=\"aspect-ratio:4\/3;object-fit:cover\" srcset=\"https:\/\/kokkoweb.fi\/wp-content\/uploads\/2026\/05\/Valmis-templaatti.png 400w, https:\/\/kokkoweb.fi\/wp-content\/uploads\/2026\/05\/Valmis-templaatti-300x296.png 300w\" sizes=\"auto, (max-width: 400px) 100vw, 400px\" \/><\/figure>\n\n\n\n<h3 class=\"wp-block-heading\">Sivun yll\u00e4pito ja p\u00e4ivitys<\/h3>\n\n\n\n<p class=\"has-medium-font-size\">Me huolehdimme kaikesta, jotta sin\u00e4 voit keskitty\u00e4 yrityksen py\u00f6ritt\u00e4miseen.<\/p>\n<\/div>\n<\/div>\n<\/div>\n\n\n\n<div class=\"wp-block-group alignfull has-global-padding is-layout-constrained wp-block-group-is-layout-constrained\" style=\"margin-top:0;margin-bottom:0;padding-top:var(--wp--preset--spacing--60);padding-bottom:var(--wp--preset--spacing--60)\">\n<div class=\"wp-block-columns alignwide is-layout-flex wp-container-core-columns-is-layout-74b2cda3 wp-block-columns-is-layout-flex\">\n<div class=\"wp-block-column is-layout-flow wp-block-column-is-layout-flow\">\n<div class=\"wp-block-group is-vertical is-content-justification-left is-layout-flex wp-container-core-group-is-layout-7ce391b6 wp-block-group-is-layout-flex\" style=\"min-height:100%\">\n<h2 class=\"wp-block-heading is-style-text-annotation has-x-small-font-size is-style-text-annotation--3\">Kokemuksia<\/h2>\n\n\n\n<blockquote class=\"wp-block-quote is-style-plain has-x-large-font-size is-layout-flow wp-container-core-quote-is-layout-5dafc681 wp-block-quote-is-layout-flow is-style-plain--4\" style=\"font-style:normal;font-weight:400\">\n<div class=\"wp-block-group has-global-padding is-content-justification-left is-layout-constrained wp-container-core-group-is-layout-085bd3d9 wp-block-group-is-layout-constrained\" style=\"margin-top:0;margin-bottom:0;padding-top:0;padding-right:0;padding-bottom:0;padding-left:0\">\n<p class=\"has-xx-large-font-size\">&#8221;Ensiluokkaista palvelua&#8221;<\/p>\n<\/div>\n<cite>Joku asiakas<br><sub>Kokkola<\/sub><\/cite><\/blockquote>\n<\/div>\n<\/div>\n\n\n\n<div class=\"wp-block-column is-layout-flow wp-block-column-is-layout-flow\" style=\"padding-top:0;padding-right:0;padding-bottom:0;padding-left:0\"><\/div>\n<\/div>\n<\/div>\n\n\n\n<div class=\"wp-block-group alignfull has-global-padding is-layout-constrained wp-block-group-is-layout-constrained\" style=\"margin-top:0;margin-bottom:0;padding-top:var(--wp--preset--spacing--60);padding-bottom:var(--wp--preset--spacing--60)\">\n<h2 class=\"wp-block-heading alignwide has-text-align-center\">Hinnasto<\/h2>\n\n\n\n<p class=\"has-text-align-center\"><\/p>\n\n\n\n<div style=\"height:var(--wp--preset--spacing--40)\" aria-hidden=\"true\" class=\"wp-block-spacer\"><\/div>\n\n\n\n<div class=\"wp-block-columns alignwide is-layout-flex wp-container-core-columns-is-layout-1d9f35bd wp-block-columns-is-layout-flex\">\n<div class=\"wp-block-column has-border-color is-layout-flow wp-block-column-is-layout-flow\" style=\"border-color:var(--wp--preset--color--accent-6);border-width:1px;border-radius:10px;padding-top:var(--wp--preset--spacing--50);padding-right:var(--wp--preset--spacing--50);padding-bottom:var(--wp--preset--spacing--50);padding-left:var(--wp--preset--spacing--50)\">\n<h3 class=\"wp-block-heading\" id=\"free\">R\u00e4\u00e4t\u00e4l\u00f6ity sivu<\/h3>\n\n\n\n<p class=\"has-large-font-size\">Alkaen x\u20ac<\/p>\n\n\n\n<ul style=\"padding-bottom:var(--wp--preset--spacing--20);padding-left:var(--wp--preset--spacing--20)\" class=\"wp-block-list is-style-checkmark-list has-small-font-size\">\n<li>Suunnitelutapaaminen (et\u00e4n\u00e4 tai kasvokkain)<\/li>\n\n\n\n<li>Koeversio ja kommentit<\/li>\n\n\n\n<li>Lis\u00e4ykset<\/li>\n\n\n\n<li><\/li>\n<\/ul>\n\n\n\n<div class=\"wp-block-buttons is-content-justification-center is-layout-flex wp-container-core-buttons-is-layout-a89b3969 wp-block-buttons-is-layout-flex\">\n<div class=\"wp-block-button has-custom-width wp-block-button__width-100\"><a class=\"wp-block-button__link wp-element-button\">Tilaa<\/a><\/div>\n<\/div>\n<\/div>\n\n\n\n<div class=\"wp-block-column has-border-color is-layout-flow wp-block-column-is-layout-flow\" style=\"border-color:var(--wp--preset--color--accent-6);border-width:1px;border-radius:10px;padding-top:var(--wp--preset--spacing--50);padding-right:var(--wp--preset--spacing--50);padding-bottom:var(--wp--preset--spacing--50);padding-left:var(--wp--preset--spacing--50)\">\n<h3 class=\"wp-block-heading\" id=\"single\">Templaatti<\/h3>\n\n\n\n<p class=\"has-large-font-size\">x\u20ac<\/p>\n\n\n\n<ul style=\"padding-bottom:var(--wp--preset--spacing--20);padding-left:var(--wp--preset--spacing--20)\" class=\"wp-block-list is-style-checkmark-list has-small-font-size\">\n<li>Suunnittelutapaaminen (et\u00e4n\u00e4)<\/li>\n\n\n\n<li>Templaatin valinta<\/li>\n\n\n\n<li>Mahdolliset lis\u00e4ykset<\/li>\n\n\n\n<li><\/li>\n<\/ul>\n\n\n\n<div class=\"wp-block-buttons is-content-justification-center is-layout-flex wp-container-core-buttons-is-layout-a89b3969 wp-block-buttons-is-layout-flex\">\n<div class=\"wp-block-button has-custom-width wp-block-button__width-100\"><a class=\"wp-block-button__link wp-element-button\">Tilaa<\/a><\/div>\n<\/div>\n<\/div>\n\n\n\n<div class=\"wp-block-column has-border-color is-layout-flow wp-block-column-is-layout-flow\" style=\"border-color:var(--wp--preset--color--accent-6);border-width:1px;border-radius:10px;padding-top:var(--wp--preset--spacing--50);padding-right:var(--wp--preset--spacing--50);padding-bottom:var(--wp--preset--spacing--50);padding-left:var(--wp--preset--spacing--50)\">\n<h3 class=\"wp-block-heading\" id=\"single\">Sivuston yll\u00e4pitosopimus<\/h3>\n\n\n\n<p class=\"has-large-font-size\">x\u20ac\/kk<\/p>\n\n\n\n<ul style=\"padding-bottom:var(--wp--preset--spacing--20);padding-left:var(--wp--preset--spacing--20)\" class=\"wp-block-list is-style-checkmark-list has-small-font-size\">\n<li>Domain ja verkkohotelli<\/li>\n\n\n\n<li>Sivuston yll\u00e4pito<\/li>\n\n\n\n<li>P\u00e4ivitykset ja lis\u00e4ykset sivuun (max 1krt\/kk)<\/li>\n<\/ul>\n\n\n\n<div class=\"wp-block-buttons is-content-justification-center is-layout-flex wp-container-core-buttons-is-layout-a89b3969 wp-block-buttons-is-layout-flex\">\n<div class=\"wp-block-button has-custom-width wp-block-button__width-100\"><a class=\"wp-block-button__link wp-element-button\">Tilaa<\/a><\/div>\n<\/div>\n<\/div>\n<\/div>\n<\/div>\n","protected":false},"excerpt":{"rendered":"<p>Verkkosivut juuri sinun yrityksellesi Valmistamme persoonallisia ja massasta poikeavia verkkosivuja jonka avulla yrityksesi pystyy erottumaan edukseen Haluamme tuoda yrityksille n\u00e4kyvyytt\u00e4 ja persoonallisuutta verkkosivujen kautta. Tuo esiin yrityksesi parhaat puolet ja lis\u00e4\u00e4 asiakasvirtaa. Palvelumme R\u00e4\u00e4t\u00e4l\u00f6idyt sivut Teemme juuri sinun yrityksesi n\u00e4k\u00f6iset sivut. P\u00e4\u00e4st\u00e4 luovuutesi (ja meid\u00e4n luovuus) valloillen. Templaattisivut Valitset valmiista pohjasta, joka muokataan yrityksesi teemaan [&hellip;]<\/p>\n","protected":false},"author":1,"featured_media":0,"parent":0,"menu_order":1,"comment_status":"closed","ping_status":"closed","template":"","meta":{"footnotes":""},"class_list":["post-6","page","type-page","status-publish","hentry"],"_links":{"self":[{"href":"https:\/\/kokkoweb.fi\/index.php?rest_route=\/wp\/v2\/pages\/6","targetHints":{"allow":["GET"]}}],"collection":[{"href":"https:\/\/kokkoweb.fi\/index.php?rest_route=\/wp\/v2\/pages"}],"about":[{"href":"https:\/\/kokkoweb.fi\/index.php?rest_route=\/wp\/v2\/types\/page"}],"author":[{"embeddable":true,"href":"https:\/\/kokkoweb.fi\/index.php?rest_route=\/wp\/v2\/users\/1"}],"replies":[{"embeddable":true,"href":"https:\/\/kokkoweb.fi\/index.php?rest_route=%2Fwp%2Fv2%2Fcomments&post=6"}],"version-history":[{"count":4,"href":"https:\/\/kokkoweb.fi\/index.php?rest_route=\/wp\/v2\/pages\/6\/revisions"}],"predecessor-version":[{"id":22,"href":"https:\/\/kokkoweb.fi\/index.php?rest_route=\/wp\/v2\/pages\/6\/revisions\/22"}],"wp:attachment":[{"href":"https:\/\/kokkoweb.fi\/index.php?rest_route=%2Fwp%2Fv2%2Fmedia&parent=6"}],"curies":[{"name":"wp","href":"https:\/\/api.w.org\/{rel}","templated":true}]}}